{"id":18580,"date":"2020-03-05T08:25:23","date_gmt":"2020-03-05T06:25:23","guid":{"rendered":"https:\/\/tampereenkesayliopisto.fi\/?page_id=18580"},"modified":"2022-08-11T12:54:31","modified_gmt":"2022-08-11T09:54:31","slug":"university-of-the-third-age","status":"publish","type":"page","link":"https:\/\/tampereenkesayliopisto.fi\/en\/course-programme\/university-of-the-third-age\/","title":{"rendered":"University of the third age"},"content":{"rendered":"<p>[et_pb_section fb_built=&#8221;1&#8243; module_id=&#8221;hero-section&#8221; module_class=&#8221;hero-section hero-subpage-section&#8221; _builder_version=&#8221;4.16&#8243; background_image=&#8221;https:\/\/tampereenkesayliopisto.fi\/wp-content\/uploads\/2022\/03\/tky_helmikuu_valmiit-39_2.jpg&#8221; global_colors_info=&#8221;{}&#8221;][et_pb_row _builder_version=&#8221;4.16&#8243; global_colors_info=&#8221;{}&#8221;][et_pb_column type=&#8221;4_4&#8243; _builder_version=&#8221;4.16&#8243; global_colors_info=&#8221;{}&#8221;][et_pb_text admin_label=&#8221;Hero-teksti&#8221; module_class=&#8221;hero-content&#8221; _builder_version=&#8221;4.16&#8243; text_text_color=&#8221;#FFFFFF&#8221; header_font=&#8221;|700|||||||&#8221; header_text_color=&#8221;#FFFFFF&#8221; global_colors_info=&#8221;{}&#8221;][\/et_pb_text][\/et_pb_column][\/et_pb_row][\/et_pb_section][et_pb_section fb_built=&#8221;1&#8243; _builder_version=&#8221;4.16&#8243; custom_padding=&#8221;||0px||false|false&#8221; global_colors_info=&#8221;{}&#8221;][et_pb_row column_structure=&#8221;3_5,2_5&#8243; _builder_version=&#8221;4.16&#8243; global_colors_info=&#8221;{}&#8221;][et_pb_column type=&#8221;3_5&#8243; _builder_version=&#8221;4.16&#8243; global_colors_info=&#8221;{}&#8221;][et_pb_text admin_label=&#8221;Vapaa teksti&#8221; _builder_version=&#8221;4.17.6&#8243; header_font=&#8221;|700|||||||&#8221; header_2_font=&#8221;|700|||||||&#8221; header_3_font=&#8221;|700|||||||&#8221; max_width=&#8221;650px&#8221; module_alignment=&#8221;center&#8221; hover_enabled=&#8221;0&#8243; global_colors_info=&#8221;{}&#8221; sticky_enabled=&#8221;0&#8243;]<\/p>\n<h1 style=\"text-align: center;\">University of the third age<\/h1>\n<p style=\"text-align: center;\">Studies are held in Finnish.<\/p>\n<p style=\"text-align: center;\">Ik\u00e4\u00e4ntyvien yliopistossa opiskelevalle ei aseteta pohjakoulutusvaatimuksia. Kaikki kiinnostuneet ovat tervetulleita. Toiminta on tarkoitettu ensisijaisesti ik\u00e4\u00e4ntyville, mutta ik\u00e4rajoja ei ole. Ik\u00e4\u00e4ntyvien yliopisto antaa mahdollisuuden toteuttaa elinik\u00e4isen oppimisen periaatteita ik\u00e4\u00e4ntyville sopivalla tavalla: opiskelussa el\u00e4m\u00e4nkokemus ja tieteellinen tieto ovat vuorovaikutuksessa. Tavoitteena on luoda ik\u00e4\u00e4ntyville areena tieteellisen tiedon hankkimiseen, vireyden ja itsetunnon yll\u00e4pit\u00e4miseen ja parantamiseen sek\u00e4 vaikutusmahdollisuuksien lis\u00e4\u00e4miseen. Ik\u00e4\u00e4ntyvien yliopistotoiminnassa voi solmia uusia kontakteja, virkisty\u00e4 ja viihty\u00e4.<\/p>\n<p style=\"text-align: center;\">Toimintamuotoina ovat monitieteiset yleisluennot, kurssit ja ekskursiot. Tenttej\u00e4 ei j\u00e4rjestet\u00e4 eik\u00e4 opintosuorituksia korosteta; avoin mieli ja aktiivinen keskustelu ovat menestyksekk\u00e4\u00e4n oppimisen edellytys.<\/p>\n<p style=\"text-align: center;\">Ik\u00e4\u00e4ntyvien yliopistotoimintaa Tampereella ohjaa suunnitteluryhm\u00e4, johon kuuluvat: Alpo Niemi (pj.), Seija Parikka (varapj.), Eira Peltomaa (siht.), Ensi J\u00e4rvinen (retket), Vappu Kettula, Matti Matoniemi, Veera Penttinen, Eero Sarimaa, Ritva Telanne ja Liisa Vihanta.<\/p>\n<p>[\/et_pb_text][\/et_pb_column][et_pb_column type=&#8221;2_5&#8243; module_class=&#8221;sidebar-subjects&#8221; _builder_version=&#8221;4.16&#8243; global_colors_info=&#8221;{}&#8221;][et_pb_code _builder_version=&#8221;4.16&#8243; global_colors_info=&#8221;{}&#8221;]<ul id=\"luokka-4\" class=\"hellewi_oppiainelista\"><li><a id=\"oppiaine-70\" href=\"https:\/\/tampereenkesayliopisto.fi\/en\/oppiaineet\/70\/university-of-the-third-age\/\">University of the third age<\/a><\/li><\/ul>[\/et_pb_code][\/et_pb_column][\/et_pb_row][\/et_pb_section]<\/p>\n","protected":false},"excerpt":{"rendered":"<p>University of the third age Studies are held in&#8230;<\/p>\n","protected":false},"author":1,"featured_media":0,"parent":18145,"menu_order":0,"comment_status":"closed","ping_status":"closed","template":"","meta":{"_acf_changed":false,"_et_pb_use_builder":"on","_et_pb_old_content":"","_et_gb_content_width":"","footnotes":""},"class_list":["post-18580","page","type-page","status-publish","hentry"],"acf":[],"yoast_head":"<!-- This site is optimized with the Yoast SEO plugin v27.3 - https:\/\/yoast.com\/product\/yoast-seo-wordpress\/ -->\n<title>University of the third age - Tampereen kesayliopisto<\/title>\n<meta name=\"robots\" content=\"index, follow, max-snippet:-1, max-image-preview:large, max-video-preview:-1\" \/>\n<link rel=\"canonical\" href=\"https:\/\/tampereenkesayliopisto.fi\/en\/course-programme\/university-of-the-third-age\/\" \/>\n<meta name=\"twitter:card\" content=\"summary_large_image\" \/>\n<meta name=\"twitter:title\" content=\"University of the third age - Tampereen kesayliopisto\" \/>\n<meta name=\"twitter:description\" content=\"University of the third age Studies are held in...\" \/>\n<meta name=\"twitter:site\" content=\"@trekesayo\" \/>\n<meta name=\"twitter:label1\" content=\"Est. reading time\" \/>\n\t<meta name=\"twitter:data1\" content=\"2 minutes\" \/>\n<script type=\"application\/ld+json\" class=\"yoast-schema-graph\">{\"@context\":\"https:\\\/\\\/schema.org\",\"@graph\":[{\"@type\":\"WebPage\",\"@id\":\"https:\\\/\\\/tampereenkesayliopisto.fi\\\/en\\\/course-programme\\\/university-of-the-third-age\\\/\",\"url\":\"https:\\\/\\\/tampereenkesayliopisto.fi\\\/en\\\/course-programme\\\/university-of-the-third-age\\\/\",\"name\":\"University of the third age - Tampereen kesayliopisto\",\"isPartOf\":{\"@id\":\"https:\\\/\\\/tampereenkesayliopisto.fi\\\/#website\"},\"datePublished\":\"2020-03-05T06:25:23+00:00\",\"dateModified\":\"2022-08-11T09:54:31+00:00\",\"breadcrumb\":{\"@id\":\"https:\\\/\\\/tampereenkesayliopisto.fi\\\/en\\\/course-programme\\\/university-of-the-third-age\\\/#breadcrumb\"},\"inLanguage\":\"en-US\",\"potentialAction\":[{\"@type\":\"ReadAction\",\"target\":[\"https:\\\/\\\/tampereenkesayliopisto.fi\\\/en\\\/course-programme\\\/university-of-the-third-age\\\/\"]}]},{\"@type\":\"BreadcrumbList\",\"@id\":\"https:\\\/\\\/tampereenkesayliopisto.fi\\\/en\\\/course-programme\\\/university-of-the-third-age\\\/#breadcrumb\",\"itemListElement\":[{\"@type\":\"ListItem\",\"position\":1,\"name\":\"Home\",\"item\":\"https:\\\/\\\/tampereenkesayliopisto.fi\\\/\"},{\"@type\":\"ListItem\",\"position\":2,\"name\":\"Course programme\",\"item\":\"https:\\\/\\\/tampereenkesayliopisto.fi\\\/en\\\/course-programme\\\/\"},{\"@type\":\"ListItem\",\"position\":3,\"name\":\"University of the third age\"}]},{\"@type\":\"WebSite\",\"@id\":\"https:\\\/\\\/tampereenkesayliopisto.fi\\\/#website\",\"url\":\"https:\\\/\\\/tampereenkesayliopisto.fi\\\/\",\"name\":\"Tampereen kesayliopisto\",\"description\":\"\",\"publisher\":{\"@id\":\"https:\\\/\\\/tampereenkesayliopisto.fi\\\/#organization\"},\"potentialAction\":[{\"@type\":\"SearchAction\",\"target\":{\"@type\":\"EntryPoint\",\"urlTemplate\":\"https:\\\/\\\/tampereenkesayliopisto.fi\\\/?s={search_term_string}\"},\"query-input\":{\"@type\":\"PropertyValueSpecification\",\"valueRequired\":true,\"valueName\":\"search_term_string\"}}],\"inLanguage\":\"en-US\"},{\"@type\":\"Organization\",\"@id\":\"https:\\\/\\\/tampereenkesayliopisto.fi\\\/#organization\",\"name\":\"Tampereen kes\u00e4yliopisto\",\"url\":\"https:\\\/\\\/tampereenkesayliopisto.fi\\\/\",\"logo\":{\"@type\":\"ImageObject\",\"inLanguage\":\"en-US\",\"@id\":\"https:\\\/\\\/tampereenkesayliopisto.fi\\\/#\\\/schema\\\/logo\\\/image\\\/\",\"url\":\"https:\\\/\\\/tampereenkesayliopisto.fi\\\/wp-content\\\/uploads\\\/2020\\\/04\\\/TKY_logo_pysty_color.png\",\"contentUrl\":\"https:\\\/\\\/tampereenkesayliopisto.fi\\\/wp-content\\\/uploads\\\/2020\\\/04\\\/TKY_logo_pysty_color.png\",\"width\":177,\"height\":176,\"caption\":\"Tampereen kes\u00e4yliopisto\"},\"image\":{\"@id\":\"https:\\\/\\\/tampereenkesayliopisto.fi\\\/#\\\/schema\\\/logo\\\/image\\\/\"},\"sameAs\":[\"https:\\\/\\\/www.facebook.com\\\/kesayliopistotre\",\"https:\\\/\\\/x.com\\\/trekesayo\"]}]}<\/script>\n<!-- \/ Yoast SEO plugin. -->","yoast_head_json":{"title":"University of the third age - Tampereen kesayliopisto","robots":{"index":"index","follow":"follow","max-snippet":"max-snippet:-1","max-image-preview":"max-image-preview:large","max-video-preview":"max-video-preview:-1"},"canonical":"https:\/\/tampereenkesayliopisto.fi\/en\/course-programme\/university-of-the-third-age\/","twitter_card":"summary_large_image","twitter_title":"University of the third age - Tampereen kesayliopisto","twitter_description":"University of the third age Studies are held in...","twitter_site":"@trekesayo","twitter_misc":{"Est. reading time":"2 minutes"},"schema":{"@context":"https:\/\/schema.org","@graph":[{"@type":"WebPage","@id":"https:\/\/tampereenkesayliopisto.fi\/en\/course-programme\/university-of-the-third-age\/","url":"https:\/\/tampereenkesayliopisto.fi\/en\/course-programme\/university-of-the-third-age\/","name":"University of the third age - Tampereen kesayliopisto","isPartOf":{"@id":"https:\/\/tampereenkesayliopisto.fi\/#website"},"datePublished":"2020-03-05T06:25:23+00:00","dateModified":"2022-08-11T09:54:31+00:00","breadcrumb":{"@id":"https:\/\/tampereenkesayliopisto.fi\/en\/course-programme\/university-of-the-third-age\/#breadcrumb"},"inLanguage":"en-US","potentialAction":[{"@type":"ReadAction","target":["https:\/\/tampereenkesayliopisto.fi\/en\/course-programme\/university-of-the-third-age\/"]}]},{"@type":"BreadcrumbList","@id":"https:\/\/tampereenkesayliopisto.fi\/en\/course-programme\/university-of-the-third-age\/#breadcrumb","itemListElement":[{"@type":"ListItem","position":1,"name":"Home","item":"https:\/\/tampereenkesayliopisto.fi\/"},{"@type":"ListItem","position":2,"name":"Course programme","item":"https:\/\/tampereenkesayliopisto.fi\/en\/course-programme\/"},{"@type":"ListItem","position":3,"name":"University of the third age"}]},{"@type":"WebSite","@id":"https:\/\/tampereenkesayliopisto.fi\/#website","url":"https:\/\/tampereenkesayliopisto.fi\/","name":"Tampereen kesayliopisto","description":"","publisher":{"@id":"https:\/\/tampereenkesayliopisto.fi\/#organization"},"potentialAction":[{"@type":"SearchAction","target":{"@type":"EntryPoint","urlTemplate":"https:\/\/tampereenkesayliopisto.fi\/?s={search_term_string}"},"query-input":{"@type":"PropertyValueSpecification","valueRequired":true,"valueName":"search_term_string"}}],"inLanguage":"en-US"},{"@type":"Organization","@id":"https:\/\/tampereenkesayliopisto.fi\/#organization","name":"Tampereen kes\u00e4yliopisto","url":"https:\/\/tampereenkesayliopisto.fi\/","logo":{"@type":"ImageObject","inLanguage":"en-US","@id":"https:\/\/tampereenkesayliopisto.fi\/#\/schema\/logo\/image\/","url":"https:\/\/tampereenkesayliopisto.fi\/wp-content\/uploads\/2020\/04\/TKY_logo_pysty_color.png","contentUrl":"https:\/\/tampereenkesayliopisto.fi\/wp-content\/uploads\/2020\/04\/TKY_logo_pysty_color.png","width":177,"height":176,"caption":"Tampereen kes\u00e4yliopisto"},"image":{"@id":"https:\/\/tampereenkesayliopisto.fi\/#\/schema\/logo\/image\/"},"sameAs":["https:\/\/www.facebook.com\/kesayliopistotre","https:\/\/x.com\/trekesayo"]}]}},"_links":{"self":[{"href":"https:\/\/tampereenkesayliopisto.fi\/en\/wp-json\/wp\/v2\/pages\/18580","targetHints":{"allow":["GET"]}}],"collection":[{"href":"https:\/\/tampereenkesayliopisto.fi\/en\/wp-json\/wp\/v2\/pages"}],"about":[{"href":"https:\/\/tampereenkesayliopisto.fi\/en\/wp-json\/wp\/v2\/types\/page"}],"author":[{"embeddable":true,"href":"https:\/\/tampereenkesayliopisto.fi\/en\/wp-json\/wp\/v2\/users\/1"}],"replies":[{"embeddable":true,"href":"https:\/\/tampereenkesayliopisto.fi\/en\/wp-json\/wp\/v2\/comments?post=18580"}],"version-history":[{"count":0,"href":"https:\/\/tampereenkesayliopisto.fi\/en\/wp-json\/wp\/v2\/pages\/18580\/revisions"}],"up":[{"embeddable":true,"href":"https:\/\/tampereenkesayliopisto.fi\/en\/wp-json\/wp\/v2\/pages\/18145"}],"wp:attachment":[{"href":"https:\/\/tampereenkesayliopisto.fi\/en\/wp-json\/wp\/v2\/media?parent=18580"}],"curies":[{"name":"wp","href":"https:\/\/api.w.org\/{rel}","templated":true}]}}