{"id":18838,"date":"2020-03-06T13:46:16","date_gmt":"2020-03-06T11:46:16","guid":{"rendered":"https:\/\/tampereenkesayliopisto.fi\/kokemuksia\/"},"modified":"2023-08-31T14:41:13","modified_gmt":"2023-08-31T11:41:13","slug":"experiences","status":"publish","type":"page","link":"https:\/\/tampereenkesayliopisto.fi\/en\/experiences\/","title":{"rendered":"Experiences of Tampereen kes\u00e4yliopisto"},"content":{"rendered":"<p>[et_pb_section fb_built=&#8221;1&#8243; module_id=&#8221;hero-section&#8221; module_class=&#8221;hero-section hero-subpage-section&#8221; _builder_version=&#8221;4.22.1&#8243; background_image=&#8221;https:\/\/tampereenkesayliopisto.fi\/wp-content\/uploads\/2022\/03\/tky_helmikuu_valmiit-74.jpg&#8221; hover_enabled=&#8221;0&#8243; global_colors_info=&#8221;{}&#8221; title_text=&#8221;tky_helmikuu_valmiit-74&#8243; sticky_enabled=&#8221;0&#8243;][et_pb_row _builder_version=&#8221;4.16&#8243; global_colors_info=&#8221;{}&#8221;][et_pb_column type=&#8221;4_4&#8243; _builder_version=&#8221;4.16&#8243; global_colors_info=&#8221;{}&#8221;][et_pb_text admin_label=&#8221;Hero-teksti&#8221; module_class=&#8221;hero-content&#8221; _builder_version=&#8221;4.17.6&#8243; text_text_color=&#8221;#FFFFFF&#8221; header_font=&#8221;|700|||||||&#8221; header_text_color=&#8221;#FFFFFF&#8221; global_colors_info=&#8221;{}&#8221;][\/et_pb_text][\/et_pb_column][\/et_pb_row][\/et_pb_section][et_pb_section fb_built=&#8221;1&#8243; _builder_version=&#8221;4.16&#8243; global_colors_info=&#8221;{}&#8221;][et_pb_row _builder_version=&#8221;4.17.6&#8243; _module_preset=&#8221;default&#8221; global_colors_info=&#8221;{}&#8221;][et_pb_column type=&#8221;4_4&#8243; _builder_version=&#8221;4.17.6&#8243; _module_preset=&#8221;default&#8221; global_colors_info=&#8221;{}&#8221;][et_pb_text _builder_version=&#8221;4.17.6&#8243; _module_preset=&#8221;default&#8221; global_colors_info=&#8221;{}&#8221;]<\/p>\n<h1 style=\"text-align: center;\">What our customers have said about us<\/h1>\n<p>[\/et_pb_text][\/et_pb_column][\/et_pb_row][et_pb_row column_structure=&#8221;1_3,1_3,1_3&#8243; _builder_version=&#8221;4.16&#8243; global_colors_info=&#8221;{}&#8221;][et_pb_column type=&#8221;1_3&#8243; _builder_version=&#8221;4.16&#8243; global_colors_info=&#8221;{}&#8221;][et_pb_testimonial author=&#8221;Finnish for Beginners 1&#8243; module_class=&#8221;feedbackbox&#8221; _builder_version=&#8221;4.22.1&#8243; hover_enabled=&#8221;0&#8243; global_colors_info=&#8221;{}&#8221; sticky_enabled=&#8221;0&#8243;]<\/p>\n<p>This course was an excellent starting point for my Finnish studies. I now feel more confident in my speaking\/comprehension abilities, and I am excited to learn more.<\/p>\n<p>[\/et_pb_testimonial][\/et_pb_column][et_pb_column type=&#8221;1_3&#8243; _builder_version=&#8221;4.16&#8243; global_colors_info=&#8221;{}&#8221;][et_pb_testimonial author=&#8221;Finnish for Beginners 1&#8243; module_class=&#8221;feedbackbox&#8221; _builder_version=&#8221;4.22.1&#8243; hover_enabled=&#8221;0&#8243; global_colors_info=&#8221;{}&#8221; sticky_enabled=&#8221;0&#8243;]<\/p>\n<p>I had so much fun. My teacher was very nice. \ud83d\ude42 and I enjoyed our classes. I just wish we can continue more\u2026<\/p>\n<p>[\/et_pb_testimonial][\/et_pb_column][et_pb_column type=&#8221;1_3&#8243; _builder_version=&#8221;4.16&#8243; global_colors_info=&#8221;{}&#8221;][et_pb_testimonial author=&#8221;Opi suomea, syvent\u00e4v\u00e4 kurssi 2&#8243; module_class=&#8221;feedbackbox&#8221; _builder_version=&#8221;4.16&#8243; global_colors_info=&#8221;{}&#8221;]<\/p>\n<p>Opin paljon ja olen todella tyytyv\u00e4inen. Opettajamme on tehokas, realistinen, yst\u00e4v\u00e4llinen ja huumorintajuinen. Kiitoksia ihanista kursseistanne!<\/p>\n<p>[\/et_pb_testimonial][\/et_pb_column][\/et_pb_row][et_pb_row column_structure=&#8221;1_3,1_3,1_3&#8243; _builder_version=&#8221;4.16&#8243; global_colors_info=&#8221;{}&#8221;][et_pb_column type=&#8221;1_3&#8243; _builder_version=&#8221;4.16&#8243; global_colors_info=&#8221;{}&#8221;][et_pb_testimonial author=&#8221;Learn Finnish 1&#8243; module_class=&#8221;feedbackbox&#8221; _builder_version=&#8221;4.22.1&#8243; hover_enabled=&#8221;0&#8243; global_colors_info=&#8221;{}&#8221; sticky_enabled=&#8221;0&#8243;]<\/p>\n<p>This course is a wonderful introduction to Finnish and sets a great foundation for self learning or continuation.<\/p>\n<p>[\/et_pb_testimonial][et_pb_testimonial author=&#8221;Learn Finnish 1&#8243; module_class=&#8221;feedbackbox&#8221; _builder_version=&#8221;4.22.1&#8243; hover_enabled=&#8221;0&#8243; global_colors_info=&#8221;{}&#8221; sticky_enabled=&#8221;0&#8243;]<\/p>\n<p>I felt welcome. Teacher fit to everyone&#8217;s needs and was reactive to different learning curves.<\/p>\n<p>[\/et_pb_testimonial][\/et_pb_column][et_pb_column _builder_version=&#8221;4.22.1&#8243; _module_preset=&#8221;default&#8221; type=&#8221;1_3&#8243;][et_pb_testimonial author=&#8221;Learn Finnish: Intermediate Course 1&#8243; module_class=&#8221;feedbackbox&#8221; _builder_version=&#8221;4.22.1&#8243; hover_enabled=&#8221;0&#8243; global_colors_info=&#8221;{}&#8221; sticky_enabled=&#8221;0&#8243;]<\/p>\n<p><span style=\"font-style: inherit !important; font-weight: inherit !important;\">The teacher is very competent, friendly, and resourceful. I&#8217;d recommend this course to everybody.<\/span><\/p>\n<p>[\/et_pb_testimonial][et_pb_testimonial author=&#8221;Learn Finnish 3&#8243; module_class=&#8221;feedbackbox&#8221; _builder_version=&#8221;4.22.1&#8243; hover_enabled=&#8221;0&#8243; global_colors_info=&#8221;{}&#8221; sticky_enabled=&#8221;0&#8243;]<\/p>\n<p><span style=\"font-style: inherit !important; font-weight: inherit !important;\">It was a great chance to learn some more Finnish during the summer. Kiitos!<\/span><\/p>\n<p>[\/et_pb_testimonial][\/et_pb_column][et_pb_column _builder_version=&#8221;4.22.1&#8243; _module_preset=&#8221;default&#8221; type=&#8221;1_3&#8243;][et_pb_testimonial author=&#8221;Learn Finnish 3&#8243; module_class=&#8221;feedbackbox&#8221; _builder_version=&#8221;4.22.1&#8243; hover_enabled=&#8221;0&#8243; global_colors_info=&#8221;{}&#8221; sticky_enabled=&#8221;0&#8243;]<\/p>\n<p>Very nice teacher, using many different educational resources and games!<\/p>\n<p>[\/et_pb_testimonial][et_pb_testimonial author=&#8221;Opi Suomea: syvent\u00e4v\u00e4 kurssi 1&#8243; module_class=&#8221;feedbackbox&#8221; _builder_version=&#8221;4.22.1&#8243; hover_enabled=&#8221;0&#8243; global_colors_info=&#8221;{}&#8221; sticky_enabled=&#8221;0&#8243;]<\/p>\n<p><span data-contrast=\"auto\">Nora Kausz on kai paras suomen kielen opettaja, jonka kanssa min\u00e4 olen opiskellut. H\u00e4n selitt\u00e4\u00e4 selv\u00e4sti kaikki asiat hyvin ja on tosi yst\u00e4v\u00e4llinen. H\u00e4n ymm\u00e4rt\u00e4\u00e4 kuinka vaikeaa se on meille ulkomaalaisille oppia suomea ja auttaa kuinka vaan h\u00e4n voi.<\/span><\/p>\n<p>[\/et_pb_testimonial][\/et_pb_column][\/et_pb_row][\/et_pb_section]<\/p>\n","protected":false},"excerpt":{"rendered":"<p>What our customers have said about us This course was&#8230;<\/p>\n","protected":false},"author":1,"featured_media":0,"parent":0,"menu_order":0,"comment_status":"closed","ping_status":"closed","template":"","meta":{"_acf_changed":false,"_et_pb_use_builder":"on","_et_pb_old_content":"","_et_gb_content_width":"","footnotes":""},"class_list":["post-18838","page","type-page","status-publish","hentry"],"acf":[],"yoast_head":"<!-- This site is optimized with the Yoast SEO plugin v27.4 - https:\/\/yoast.com\/product\/yoast-seo-wordpress\/ -->\n<title>Experiences of Tampereen kes\u00e4yliopisto - Tampereen kesayliopisto<\/title>\n<meta name=\"robots\" content=\"index, follow, max-snippet:-1, max-image-preview:large, max-video-preview:-1\" \/>\n<link rel=\"canonical\" href=\"https:\/\/tampereenkesayliopisto.fi\/en\/experiences\/\" \/>\n<meta name=\"twitter:card\" content=\"summary_large_image\" \/>\n<meta name=\"twitter:title\" content=\"Experiences of Tampereen kes\u00e4yliopisto - Tampereen kesayliopisto\" \/>\n<meta name=\"twitter:description\" content=\"What our customers have said about us This course was...\" \/>\n<meta name=\"twitter:site\" content=\"@trekesayo\" \/>\n<meta name=\"twitter:label1\" content=\"Est. reading time\" \/>\n\t<meta name=\"twitter:data1\" content=\"2 minutes\" \/>\n<script type=\"application\/ld+json\" class=\"yoast-schema-graph\">{\"@context\":\"https:\\\/\\\/schema.org\",\"@graph\":[{\"@type\":\"WebPage\",\"@id\":\"https:\\\/\\\/tampereenkesayliopisto.fi\\\/en\\\/experiences\\\/\",\"url\":\"https:\\\/\\\/tampereenkesayliopisto.fi\\\/en\\\/experiences\\\/\",\"name\":\"Experiences of Tampereen kes\u00e4yliopisto - Tampereen kesayliopisto\",\"isPartOf\":{\"@id\":\"https:\\\/\\\/tampereenkesayliopisto.fi\\\/#website\"},\"datePublished\":\"2020-03-06T11:46:16+00:00\",\"dateModified\":\"2023-08-31T11:41:13+00:00\",\"breadcrumb\":{\"@id\":\"https:\\\/\\\/tampereenkesayliopisto.fi\\\/en\\\/experiences\\\/#breadcrumb\"},\"inLanguage\":\"en-US\",\"potentialAction\":[{\"@type\":\"ReadAction\",\"target\":[\"https:\\\/\\\/tampereenkesayliopisto.fi\\\/en\\\/experiences\\\/\"]}]},{\"@type\":\"BreadcrumbList\",\"@id\":\"https:\\\/\\\/tampereenkesayliopisto.fi\\\/en\\\/experiences\\\/#breadcrumb\",\"itemListElement\":[{\"@type\":\"ListItem\",\"position\":1,\"name\":\"Home\",\"item\":\"https:\\\/\\\/tampereenkesayliopisto.fi\\\/\"},{\"@type\":\"ListItem\",\"position\":2,\"name\":\"Experiences of Tampereen kes\u00e4yliopisto\"}]},{\"@type\":\"WebSite\",\"@id\":\"https:\\\/\\\/tampereenkesayliopisto.fi\\\/#website\",\"url\":\"https:\\\/\\\/tampereenkesayliopisto.fi\\\/\",\"name\":\"Tampereen kesayliopisto\",\"description\":\"\",\"publisher\":{\"@id\":\"https:\\\/\\\/tampereenkesayliopisto.fi\\\/#organization\"},\"potentialAction\":[{\"@type\":\"SearchAction\",\"target\":{\"@type\":\"EntryPoint\",\"urlTemplate\":\"https:\\\/\\\/tampereenkesayliopisto.fi\\\/?s={search_term_string}\"},\"query-input\":{\"@type\":\"PropertyValueSpecification\",\"valueRequired\":true,\"valueName\":\"search_term_string\"}}],\"inLanguage\":\"en-US\"},{\"@type\":\"Organization\",\"@id\":\"https:\\\/\\\/tampereenkesayliopisto.fi\\\/#organization\",\"name\":\"Tampereen kes\u00e4yliopisto\",\"url\":\"https:\\\/\\\/tampereenkesayliopisto.fi\\\/\",\"logo\":{\"@type\":\"ImageObject\",\"inLanguage\":\"en-US\",\"@id\":\"https:\\\/\\\/tampereenkesayliopisto.fi\\\/#\\\/schema\\\/logo\\\/image\\\/\",\"url\":\"https:\\\/\\\/tampereenkesayliopisto.fi\\\/wp-content\\\/uploads\\\/2020\\\/04\\\/TKY_logo_pysty_color.png\",\"contentUrl\":\"https:\\\/\\\/tampereenkesayliopisto.fi\\\/wp-content\\\/uploads\\\/2020\\\/04\\\/TKY_logo_pysty_color.png\",\"width\":177,\"height\":176,\"caption\":\"Tampereen kes\u00e4yliopisto\"},\"image\":{\"@id\":\"https:\\\/\\\/tampereenkesayliopisto.fi\\\/#\\\/schema\\\/logo\\\/image\\\/\"},\"sameAs\":[\"https:\\\/\\\/www.facebook.com\\\/kesayliopistotre\",\"https:\\\/\\\/x.com\\\/trekesayo\"]}]}<\/script>\n<!-- \/ Yoast SEO plugin. -->","yoast_head_json":{"title":"Experiences of Tampereen kes\u00e4yliopisto - Tampereen kesayliopisto","robots":{"index":"index","follow":"follow","max-snippet":"max-snippet:-1","max-image-preview":"max-image-preview:large","max-video-preview":"max-video-preview:-1"},"canonical":"https:\/\/tampereenkesayliopisto.fi\/en\/experiences\/","twitter_card":"summary_large_image","twitter_title":"Experiences of Tampereen kes\u00e4yliopisto - Tampereen kesayliopisto","twitter_description":"What our customers have said about us This course was...","twitter_site":"@trekesayo","twitter_misc":{"Est. reading time":"2 minutes"},"schema":{"@context":"https:\/\/schema.org","@graph":[{"@type":"WebPage","@id":"https:\/\/tampereenkesayliopisto.fi\/en\/experiences\/","url":"https:\/\/tampereenkesayliopisto.fi\/en\/experiences\/","name":"Experiences of Tampereen kes\u00e4yliopisto - Tampereen kesayliopisto","isPartOf":{"@id":"https:\/\/tampereenkesayliopisto.fi\/#website"},"datePublished":"2020-03-06T11:46:16+00:00","dateModified":"2023-08-31T11:41:13+00:00","breadcrumb":{"@id":"https:\/\/tampereenkesayliopisto.fi\/en\/experiences\/#breadcrumb"},"inLanguage":"en-US","potentialAction":[{"@type":"ReadAction","target":["https:\/\/tampereenkesayliopisto.fi\/en\/experiences\/"]}]},{"@type":"BreadcrumbList","@id":"https:\/\/tampereenkesayliopisto.fi\/en\/experiences\/#breadcrumb","itemListElement":[{"@type":"ListItem","position":1,"name":"Home","item":"https:\/\/tampereenkesayliopisto.fi\/"},{"@type":"ListItem","position":2,"name":"Experiences of Tampereen kes\u00e4yliopisto"}]},{"@type":"WebSite","@id":"https:\/\/tampereenkesayliopisto.fi\/#website","url":"https:\/\/tampereenkesayliopisto.fi\/","name":"Tampereen kesayliopisto","description":"","publisher":{"@id":"https:\/\/tampereenkesayliopisto.fi\/#organization"},"potentialAction":[{"@type":"SearchAction","target":{"@type":"EntryPoint","urlTemplate":"https:\/\/tampereenkesayliopisto.fi\/?s={search_term_string}"},"query-input":{"@type":"PropertyValueSpecification","valueRequired":true,"valueName":"search_term_string"}}],"inLanguage":"en-US"},{"@type":"Organization","@id":"https:\/\/tampereenkesayliopisto.fi\/#organization","name":"Tampereen kes\u00e4yliopisto","url":"https:\/\/tampereenkesayliopisto.fi\/","logo":{"@type":"ImageObject","inLanguage":"en-US","@id":"https:\/\/tampereenkesayliopisto.fi\/#\/schema\/logo\/image\/","url":"https:\/\/tampereenkesayliopisto.fi\/wp-content\/uploads\/2020\/04\/TKY_logo_pysty_color.png","contentUrl":"https:\/\/tampereenkesayliopisto.fi\/wp-content\/uploads\/2020\/04\/TKY_logo_pysty_color.png","width":177,"height":176,"caption":"Tampereen kes\u00e4yliopisto"},"image":{"@id":"https:\/\/tampereenkesayliopisto.fi\/#\/schema\/logo\/image\/"},"sameAs":["https:\/\/www.facebook.com\/kesayliopistotre","https:\/\/x.com\/trekesayo"]}]}},"_links":{"self":[{"href":"https:\/\/tampereenkesayliopisto.fi\/en\/wp-json\/wp\/v2\/pages\/18838","targetHints":{"allow":["GET"]}}],"collection":[{"href":"https:\/\/tampereenkesayliopisto.fi\/en\/wp-json\/wp\/v2\/pages"}],"about":[{"href":"https:\/\/tampereenkesayliopisto.fi\/en\/wp-json\/wp\/v2\/types\/page"}],"author":[{"embeddable":true,"href":"https:\/\/tampereenkesayliopisto.fi\/en\/wp-json\/wp\/v2\/users\/1"}],"replies":[{"embeddable":true,"href":"https:\/\/tampereenkesayliopisto.fi\/en\/wp-json\/wp\/v2\/comments?post=18838"}],"version-history":[{"count":0,"href":"https:\/\/tampereenkesayliopisto.fi\/en\/wp-json\/wp\/v2\/pages\/18838\/revisions"}],"wp:attachment":[{"href":"https:\/\/tampereenkesayliopisto.fi\/en\/wp-json\/wp\/v2\/media?parent=18838"}],"curies":[{"name":"wp","href":"https:\/\/api.w.org\/{rel}","templated":true}]}}